{"id":14699,"date":"2023-11-25T22:22:36","date_gmt":"2023-11-25T22:22:36","guid":{"rendered":"https:\/\/ibixconservation.ca\/panier\/"},"modified":"2024-02-27T15:28:19","modified_gmt":"2024-02-27T15:28:19","slug":"panier","status":"publish","type":"page","link":"https:\/\/ibixconservation.ca\/fr\/panier\/","title":{"rendered":"Panier"},"content":{"rendered":"<div class=\"ywdpd-cart-notices-wrapper\">\n<\/div>\n<div data-block-name=\"woocommerce\/cart\" class=\"wp-block-woocommerce-cart alignwide is-loading\">\n<div data-block-name=\"woocommerce\/filled-cart-block\" class=\"wp-block-woocommerce-filled-cart-block\">\n<div data-block-name=\"woocommerce\/cart-items-block\" class=\"wp-block-woocommerce-cart-items-block\">\n<div data-block-name=\"woocommerce\/cart-line-items-block\" class=\"wp-block-woocommerce-cart-line-items-block\"><\/div>\n\n\n\n<div data-block-name=\"woocommerce\/cart-cross-sells-block\" class=\"wp-block-woocommerce-cart-cross-sells-block\">\n<h2 class=\"wp-block-heading has-large-font-size\">Vous pourriez \u00eatre int\u00e9ress\u00e9 par&#8230;<\/h2>\n\n\n\n<div data-block-name=\"woocommerce\/cart-cross-sells-products-block\" class=\"wp-block-woocommerce-cart-cross-sells-products-block\"><\/div>\n<\/div>\n<\/div>\n\n\n\n<div data-block-name=\"woocommerce\/cart-totals-block\" class=\"wp-block-woocommerce-cart-totals-block\">\n<div data-block-name=\"woocommerce\/cart-order-summary-block\" class=\"wp-block-woocommerce-cart-order-summary-block\">\n<div data-block-name=\"woocommerce\/cart-order-summary-heading-block\" class=\"wp-block-woocommerce-cart-order-summary-heading-block\"><\/div><div data-block-name=\"woocommerce\/cart-order-summary-coupon-form-block\" class=\"wp-block-woocommerce-cart-order-summary-coupon-form-block\"><\/div><div data-block-name=\"woocommerce\/cart-order-summary-totals-block\" class=\"wp-block-woocommerce-cart-order-summary-totals-block\">\n<div data-block-name=\"woocommerce\/cart-order-summary-subtotal-block\" class=\"wp-block-woocommerce-cart-order-summary-subtotal-block\"><\/div>\n<div data-block-name=\"woocommerce\/cart-order-summary-discount-block\" class=\"wp-block-woocommerce-cart-order-summary-discount-block\"><\/div>\n<div data-block-name=\"woocommerce\/cart-order-summary-fee-block\" class=\"wp-block-woocommerce-cart-order-summary-fee-block\"><\/div>\n<div data-block-name=\"woocommerce\/cart-order-summary-shipping-block\" class=\"wp-block-woocommerce-cart-order-summary-shipping-block\"><\/div>\n<div data-block-name=\"woocommerce\/cart-order-summary-taxes-block\" class=\"wp-block-woocommerce-cart-order-summary-taxes-block\"><\/div><\/div>\n<\/div>\n\n\n\n<div data-block-name=\"woocommerce\/cart-express-payment-block\" class=\"wp-block-woocommerce-cart-express-payment-block\"><\/div>\n\n\n\n<div data-block-name=\"woocommerce\/proceed-to-checkout-block\" class=\"wp-block-woocommerce-proceed-to-checkout-block\"><\/div>\n\n\n\n<div data-block-name=\"woocommerce\/cart-accepted-payment-methods-block\" class=\"wp-block-woocommerce-cart-accepted-payment-methods-block\"><\/div>\n<\/div>\n<\/div>\n\n\n\n<div data-block-name=\"woocommerce\/empty-cart-block\" class=\"wp-block-woocommerce-empty-cart-block\">\n<h2 class=\"wp-block-heading has-text-align-center with-empty-cart-icon wc-block-cart__empty-cart__title\">Votre panier est actuellement vide !<\/h2>\n\n\n\n<hr class=\"wp-block-separator has-alpha-channel-opacity is-style-dots\"\/>\n\n\n\n<h2 class=\"wp-block-heading has-text-align-center\">Nouveau en magasin<\/h2>\n\n\n<div data-block-name=\"woocommerce\/product-new\" data-columns=\"4\" data-rows=\"1\" class=\"wc-block-grid wp-block-product-new wp-block-woocommerce-product-new wc-block-product-new has-4-columns\"><ul class=\"wc-block-grid__products\"><li class=\"wc-block-grid__product\"><span class=\"gtm4wp_productdata\" style=\"display:none; visibility:hidden;\" data-gtm4wp_product_data=\"{&quot;internal_id&quot;:16102,&quot;item_id&quot;:16102,&quot;item_name&quot;:&quot;Casque de protection IBIX&quot;,&quot;sku&quot;:16102,&quot;price&quot;:1300,&quot;stocklevel&quot;:null,&quot;stockstatus&quot;:&quot;instock&quot;,&quot;google_business_vertical&quot;:&quot;retail&quot;,&quot;item_category&quot;:&quot;\\u00c9quipement&quot;,&quot;item_category2&quot;:&quot;Accessoires&quot;,&quot;id&quot;:16102,&quot;item_brand&quot;:&quot;\\u00c9quipement&quot;,&quot;productlink&quot;:&quot;https:\\\/\\\/ibixconservation.ca\\\/fr\\\/produit\\\/casque-de-protection-ibix\\\/&quot;,&quot;item_list_name&quot;:&quot;General Product List&quot;,&quot;index&quot;:0,&quot;product_type&quot;:&quot;simple&quot;}\"><\/span>\n\t\t\t\t<a href=\"https:\/\/ibixconservation.ca\/fr\/produit\/casque-de-protection-ibix\/\" class=\"wc-block-grid__product-link\">\n\t\t\t\t\t\n\t\t\t\t\t<div class=\"wc-block-grid__product-image\"><img fetchpriority=\"high\" decoding=\"async\" width=\"370\" height=\"444\" src=\"https:\/\/ibixconservation.ca\/wp-content\/uploads\/2025\/10\/casco-protezione-ibix-1-370x444.webp\" class=\"attachment-woocommerce_thumbnail size-woocommerce_thumbnail\" alt=\"Casque de protection IBIX\" \/><\/div>\n\t\t\t\t\t<div class=\"wc-block-grid__product-title\">Casque de protection IBIX<\/div>\n\t\t\t\t<\/a>\n\t\t\t\t<div class=\"wc-block-grid__product-price price\"><span class=\"woocommerce-Price-amount amount\"><span class=\"woocommerce-Price-currencySymbol\">&#036;<\/span>1,300.00<\/span><\/div>\n\t\t\t\t\n\t\t\t\t<div class=\"wp-block-button wc-block-grid__product-add-to-cart\"><a href=\"\/fr\/wp-json\/wp\/v2\/pages\/14699?add-to-cart=16102\" aria-label=\"Ajouter au panier\u00a0: &ldquo;Casque de protection IBIX&rdquo;\" data-quantity=\"1\" data-product_id=\"16102\" data-product_sku=\"\" data-price=\"1300\" rel=\"nofollow\" class=\"wp-block-button__link  add_to_cart_button ajax_add_to_cart\">Ajouter au panier<\/a><\/div>\n\t\t\t<\/li><li class=\"wc-block-grid__product\"><span class=\"gtm4wp_productdata\" style=\"display:none; visibility:hidden;\" data-gtm4wp_product_data=\"{&quot;internal_id&quot;:15712,&quot;item_id&quot;:15712,&quot;item_name&quot;:&quot;Clean Rust Marmo - PROFESSIONAL cleaner for elimination of rust from marble&quot;,&quot;sku&quot;:15712,&quot;price&quot;:66.25,&quot;stocklevel&quot;:null,&quot;stockstatus&quot;:&quot;instock&quot;,&quot;google_business_vertical&quot;:&quot;retail&quot;,&quot;item_category&quot;:&quot;Hard Surface Care&quot;,&quot;item_category2&quot;:&quot;Stain Removers&quot;,&quot;id&quot;:15712,&quot;item_brand&quot;:&quot;Hard Surface Care&quot;,&quot;productlink&quot;:&quot;https:\\\/\\\/ibixconservation.ca\\\/produit\\\/clean-rust-marmo-professional-cleaner-for-elimination-of-rust-from-marble\\\/&quot;,&quot;item_list_name&quot;:&quot;General Product List&quot;,&quot;index&quot;:0,&quot;product_type&quot;:&quot;simple&quot;}\"><\/span>\n\t\t\t\t<a href=\"https:\/\/ibixconservation.ca\/produit\/clean-rust-marmo-professional-cleaner-for-elimination-of-rust-from-marble\/\" class=\"wc-block-grid__product-link\">\n\t\t\t\t\t\n\t\t\t\t\t<div class=\"wc-block-grid__product-image\"><img decoding=\"async\" width=\"370\" height=\"444\" src=\"https:\/\/ibixconservation.ca\/wp-content\/uploads\/2024\/11\/clean-rust-marmo-scaled-370x444.webp\" class=\"attachment-woocommerce_thumbnail size-woocommerce_thumbnail\" alt=\"Clean Rust Marmo - PROFESSIONAL cleaner for elimination of rust from marble\" \/><\/div>\n\t\t\t\t\t<div class=\"wc-block-grid__product-title\">Clean Rust Marmo &#8211; PROFESSIONAL cleaner for elimination of rust from marble<\/div>\n\t\t\t\t<\/a>\n\t\t\t\t<div class=\"wc-block-grid__product-price price\"><span class=\"woocommerce-Price-amount amount\"><span class=\"woocommerce-Price-currencySymbol\">&#036;<\/span>66.25<\/span><\/div>\n\t\t\t\t\n\t\t\t\t<div class=\"wp-block-button wc-block-grid__product-add-to-cart\"><a href=\"\/fr\/wp-json\/wp\/v2\/pages\/14699?add-to-cart=15712\" aria-label=\"Ajouter au panier\u00a0: &ldquo;Clean Rust Marmo - PROFESSIONAL cleaner for elimination of rust from marble&rdquo;\" data-quantity=\"1\" data-product_id=\"15712\" data-product_sku=\"\" data-price=\"66.25\" rel=\"nofollow\" class=\"wp-block-button__link  add_to_cart_button ajax_add_to_cart\">Ajouter au panier<\/a><\/div>\n\t\t\t<\/li><li class=\"wc-block-grid__product\"><span class=\"gtm4wp_productdata\" style=\"display:none; visibility:hidden;\" data-gtm4wp_product_data=\"{&quot;internal_id&quot;:15531,&quot;item_id&quot;:15531,&quot;item_name&quot;:&quot;Abrasive Blasting Media \\u2013 GMA Garnet - 55lb Bags&quot;,&quot;sku&quot;:15531,&quot;price&quot;:25,&quot;stocklevel&quot;:null,&quot;stockstatus&quot;:&quot;instock&quot;,&quot;google_business_vertical&quot;:&quot;retail&quot;,&quot;item_category&quot;:&quot;Materials&quot;,&quot;item_category2&quot;:&quot;Blasting Media&quot;,&quot;id&quot;:15531,&quot;item_brand&quot;:&quot;Materials&quot;,&quot;productlink&quot;:&quot;https:\\\/\\\/ibixconservation.ca\\\/produit\\\/abrasive-blasting-media-gma-garnet-55lb-bags\\\/&quot;,&quot;item_list_name&quot;:&quot;General Product List&quot;,&quot;index&quot;:0,&quot;product_type&quot;:&quot;variable&quot;}\"><\/span>\n\t\t\t\t<a href=\"https:\/\/ibixconservation.ca\/produit\/abrasive-blasting-media-gma-garnet-55lb-bags\/\" class=\"wc-block-grid__product-link\">\n\t\t\t\t\t\n\t\t\t\t\t<div class=\"wc-block-grid__product-image\"><img decoding=\"async\" width=\"370\" height=\"444\" src=\"https:\/\/ibixconservation.ca\/wp-content\/uploads\/2023\/09\/Edited-Course-grade-Garnet_REV-370x444.jpg\" class=\"attachment-woocommerce_thumbnail size-woocommerce_thumbnail\" alt=\"Abrasive Blasting Media \u2013 GMA Garnet - 55lb Bags\" \/><\/div>\n\t\t\t\t\t<div class=\"wc-block-grid__product-title\">Abrasive Blasting Media \u2013 GMA Garnet &#8211; 55lb Bags<\/div>\n\t\t\t\t<\/a>\n\t\t\t\t<div class=\"wc-block-grid__product-price price\"><span class=\"woocommerce-Price-amount amount\"><span class=\"woocommerce-Price-currencySymbol\">&#036;<\/span>25.00<\/span><\/div>\n\t\t\t\t\n\t\t\t\t<div class=\"wp-block-button wc-block-grid__product-add-to-cart\"><a href=\"https:\/\/ibixconservation.ca\/produit\/abrasive-blasting-media-gma-garnet-55lb-bags\/\" aria-label=\"S\u00e9lectionner les options pour &ldquo;Abrasive Blasting Media \u2013 GMA Garnet - 55lb Bags&rdquo;\" data-quantity=\"1\" data-product_id=\"15531\" data-product_sku=\"\" data-price=\"25\" rel=\"nofollow\" class=\"wp-block-button__link  add_to_cart_button\">Choix des options<\/a><\/div>\n\t\t\t<\/li><li class=\"wc-block-grid__product\"><span class=\"gtm4wp_productdata\" style=\"display:none; visibility:hidden;\" data-gtm4wp_product_data=\"{&quot;internal_id&quot;:15424,&quot;item_id&quot;:15424,&quot;item_name&quot;:&quot;3\\\/4 Chicago Splitter avec connecteur Hi-Flow&quot;,&quot;sku&quot;:15424,&quot;price&quot;:45,&quot;stocklevel&quot;:null,&quot;stockstatus&quot;:&quot;instock&quot;,&quot;google_business_vertical&quot;:&quot;retail&quot;,&quot;item_category&quot;:&quot;\\u00c9quipement&quot;,&quot;item_category2&quot;:&quot;Accessoires&quot;,&quot;id&quot;:15424,&quot;item_brand&quot;:&quot;\\u00c9quipement&quot;,&quot;productlink&quot;:&quot;https:\\\/\\\/ibixconservation.ca\\\/fr\\\/produit\\\/3-4-chicago-splitter-avec-connecteur-hi-flow\\\/&quot;,&quot;item_list_name&quot;:&quot;General Product List&quot;,&quot;index&quot;:0,&quot;product_type&quot;:&quot;simple&quot;}\"><\/span>\n\t\t\t\t<a href=\"https:\/\/ibixconservation.ca\/fr\/produit\/3-4-chicago-splitter-avec-connecteur-hi-flow\/\" class=\"wc-block-grid__product-link\">\n\t\t\t\t\t\n\t\t\t\t\t<div class=\"wc-block-grid__product-image\"><img loading=\"lazy\" decoding=\"async\" width=\"370\" height=\"444\" src=\"https:\/\/ibixconservation.ca\/wp-content\/uploads\/2024\/05\/Quick-Connect-Splitter-HiFlow-370x444.jpg\" class=\"attachment-woocommerce_thumbnail size-woocommerce_thumbnail\" alt=\"3\/4 Chicago Splitter avec connecteur Hi-Flow\" \/><\/div>\n\t\t\t\t\t<div class=\"wc-block-grid__product-title\">3\/4 Chicago Splitter avec connecteur Hi-Flow<\/div>\n\t\t\t\t<\/a>\n\t\t\t\t<div class=\"wc-block-grid__product-price price\"><span class=\"woocommerce-Price-amount amount\"><span class=\"woocommerce-Price-currencySymbol\">&#036;<\/span>45.00<\/span><\/div>\n\t\t\t\t\n\t\t\t\t<div class=\"wp-block-button wc-block-grid__product-add-to-cart\"><a href=\"\/fr\/wp-json\/wp\/v2\/pages\/14699?add-to-cart=15424\" aria-label=\"Ajouter au panier\u00a0: &ldquo;3\/4 Chicago Splitter avec connecteur Hi-Flow&rdquo;\" data-quantity=\"1\" data-product_id=\"15424\" data-product_sku=\"\" data-price=\"45\" rel=\"nofollow\" class=\"wp-block-button__link  add_to_cart_button ajax_add_to_cart\">Ajouter au panier<\/a><\/div>\n\t\t\t<\/li><\/ul><\/div><\/div>\n<\/div>\n","protected":false},"excerpt":{"rendered":"","protected":false},"author":1,"featured_media":0,"parent":0,"menu_order":0,"comment_status":"closed","ping_status":"closed","template":"","meta":{"footnotes":""},"class_list":["post-14699","page","type-page","status-publish","hentry"],"_links":{"self":[{"href":"https:\/\/ibixconservation.ca\/fr\/wp-json\/wp\/v2\/pages\/14699","targetHints":{"allow":["GET"]}}],"collection":[{"href":"https:\/\/ibixconservation.ca\/fr\/wp-json\/wp\/v2\/pages"}],"about":[{"href":"https:\/\/ibixconservation.ca\/fr\/wp-json\/wp\/v2\/types\/page"}],"author":[{"embeddable":true,"href":"https:\/\/ibixconservation.ca\/fr\/wp-json\/wp\/v2\/users\/1"}],"replies":[{"embeddable":true,"href":"https:\/\/ibixconservation.ca\/fr\/wp-json\/wp\/v2\/comments?post=14699"}],"version-history":[{"count":3,"href":"https:\/\/ibixconservation.ca\/fr\/wp-json\/wp\/v2\/pages\/14699\/revisions"}],"predecessor-version":[{"id":15072,"href":"https:\/\/ibixconservation.ca\/fr\/wp-json\/wp\/v2\/pages\/14699\/revisions\/15072"}],"wp:attachment":[{"href":"https:\/\/ibixconservation.ca\/fr\/wp-json\/wp\/v2\/media?parent=14699"}],"curies":[{"name":"wp","href":"https:\/\/api.w.org\/{rel}","templated":true}]}}