{"id":12805,"date":"2023-08-03T08:19:49","date_gmt":"2023-08-03T08:19:49","guid":{"rendered":"https:\/\/staging.ibixconservation.com\/product\/desal-desalinating-paste\/"},"modified":"2024-02-27T09:19:02","modified_gmt":"2024-02-27T09:19:02","slug":"desal-compresse-de-dessalement","status":"publish","type":"product","link":"https:\/\/ibixconservation.ca\/fr\/produit\/desal-compresse-de-dessalement\/","title":{"rendered":"Dessal &#8211; P\u00c2TE DESSALANTE"},"content":{"rendered":"<p><strong>Principe de fonctionnement<\/strong><br \/>\nLa ma\u00e7onnerie sujette \u00e0 la contamination par des sels solubles peut \u00eatre trait\u00e9e par extraction au moyen d\u2019une p\u00e2te. Le principe est bas\u00e9 sur l\u2019utilisation<br \/>\nd\u2019eau d\u00e9ionis\u00e9e pour favoriser la dissolution et le mouvement \u00e0 la surface des sels solubles par contact prolong\u00e9 avec le mat\u00e9riau pour<br \/>\ntraitement.<\/p>\n<p><strong>COMPOSITION DE L\u2019\u0152UVRE<\/strong><br \/>\nM\u00e9lange de divers ingr\u00e9dients, y compris la fibre de cellulose pure, la farine de quartz, la bentonite, l\u2019adjuvant de filtration fossile. La p\u00e2te ne contient pas d\u2019eauoluble<br \/>\nles mat\u00e9riaux ou les produits chimiques qui pourraient endommager les mat\u00e9riaux de traitement.<\/p>\n<p><strong>PR\u00c9PARATION DE P\u00c2TE<\/strong><br \/>\nPr\u00e9-m\u00e9langer le compos\u00e9 avec de l\u2019eau d\u00e9sionis\u00e9e environ 8 heures avant dans les proportions suivantes&nbsp;:<br \/>\n\u2022 1 partie (poids) de m\u00e9lange en poudre<br \/>\n\u2022 1,2 partie (poids) d\u2019eau d\u00e9sionis\u00e9e<br \/>\nM\u00e9langer jusqu\u2019\u00e0 ce que le produit soit compl\u00e8tement hydrat\u00e9. \u00c0 la fin du processus, scellez le r\u00e9cipient avec le couvercle et laissez hydrater pendant 8 heures. Avant<br \/>\najouter une autre partie 1\/2 (poids) d\u2019eau d\u00e9ionis\u00e9e. Le temps d\u2019application est g\u00e9n\u00e9ralement de 48\/72 heures, mais peut varier selon le type<br \/>\ndu substrat et du niveau de contamination du mat\u00e9riau.<\/p>\n<p><strong>APPLICATION DE LA P\u00c2TE<\/strong><br \/>\nLa surface de traitement doit \u00eatre pr\u00e9alablement nettoy\u00e9e m\u00e9caniquement avec une brosse de mani\u00e8re \u00e0 \u00e9liminer les d\u00e9p\u00f4ts de surface des sels de cristaux et pr\u00e9consol\u00e9e<br \/>\nen fonction de l\u2019\u00e9tat de conservation du mat\u00e9riau. La p\u00e2te est appliqu\u00e9e manuellement ou par pulv\u00e9risation sur la surface de traitement \u00e0<br \/>\nune \u00e9paisseur d\u2019environ 2cm. Le temps d\u2019application peut \u00eatre d\u00e9termin\u00e9 via des tests in situ pr\u00e9liminaires, afin d\u2019optimiser le processus de nettoyage. L&#8217;<br \/>\nla p\u00e2te est enlev\u00e9e manuellement, en prenant soin de ne pas endommager la surface trait\u00e9e. Les r\u00e9sidus de pulpe peuvent \u00eatre \u00e9limin\u00e9s avec une \u00e9ponge humide et non abrasive.<\/p>\n<p><strong>REMARQUE :<\/strong><br \/>\neffectuer des tests de diagnostic pour s\u2019assurer que les surfaces n\u2019ont pas de couches hydrofuges qui entravent ou limitent l\u2019action de l\u2019extracteur (p. ex. cire<br \/>\nr\u00e9sidus, substances protectrices \u00e0 base de polym\u00e8res, peinture filmog\u00e8ne ou mat\u00e9riaux similaires).<\/p>\n","protected":false},"excerpt":{"rendered":"<p><strong>COMPRESSE DE DESSALEMENT<\/strong><br \/>\nLa pr\u00e9sence de sels solubles dans les ma\u00e7onneries est souvent caus\u00e9e par des processus de d\u00e9gradation. Le traitement de la pierre avec DESAL am\u00e9liorera la sant\u00e9 de la pierre. L\u2019extraction du sel est possible \u00e0 diff\u00e9rentes profondeurs de la pierre, en fonction de la porosit\u00e9 et des caract\u00e9ristiques de la pierre elle-m\u00eame.<\/p>\n<p><strong>Processus de d\u00e9t\u00e9rioration caus\u00e9 par les sels<\/strong><br \/>\nLes pores de la ma\u00e7onnerie sont remplis d\u2019une solution saline \u00e0 partir de laquelle des cristaux de sel se formeront. Les cristaux vont obstruer les pores en exer\u00e7ant<br \/>\nune pression physique sur les surfaces internes causant des fractures. Si la solution est nourrie, les cristaux de sel continueront \u00e0 se former. Si la solution devrait<br \/>\nretirer, une formation d\u2019efflorescence saline peut se produire en dehors de la ma\u00e7onnerie ou la croissance de cristaux jusqu\u2019\u00e0 ce que les fissures d\u00e9j\u00e0 form\u00e9es soient<br \/>\n\u00e9largi.<\/p>\n<p><strong>DESAL est capable d\u2019extraire les sels de tous les types de surface<\/strong><br \/>\n<strong>Sa composition naturelle est \u00e9tudi\u00e9e pour permettre son application sur diff\u00e9rents types de substrats en pierre naturelle et artificielle.<\/strong><\/p>\n","protected":false},"featured_media":12792,"comment_status":"open","ping_status":"closed","template":"","meta":[],"product_cat":[149,164],"product_tag":[],"class_list":{"0":"post-12805","1":"product","2":"type-product","3":"status-publish","4":"has-post-thumbnail","6":"product_brand-ibix-fr","7":"product_cat-entretien-des-surfaces-dures","8":"product_cat-restauration-des-materiaux","10":"first","11":"instock","12":"taxable","13":"shipping-taxable","14":"purchasable","15":"product-type-simple"},"bundled_by":[],"bundle_stock_status":"instock","bundle_stock_quantity":null,"bundle_virtual":false,"bundle_layout":"","bundle_add_to_cart_form_location":"","bundle_editable_in_cart":false,"bundle_sold_individually_context":"","bundle_item_grouping":"","bundle_min_size":"","bundle_max_size":"","bundle_price":[],"bundled_items":[],"bundle_sell_ids":[],"_links":{"self":[{"href":"https:\/\/ibixconservation.ca\/fr\/wp-json\/wp\/v2\/product\/12805","targetHints":{"allow":["GET"]}}],"collection":[{"href":"https:\/\/ibixconservation.ca\/fr\/wp-json\/wp\/v2\/product"}],"about":[{"href":"https:\/\/ibixconservation.ca\/fr\/wp-json\/wp\/v2\/types\/product"}],"replies":[{"embeddable":true,"href":"https:\/\/ibixconservation.ca\/fr\/wp-json\/wp\/v2\/comments?post=12805"}],"wp:featuredmedia":[{"embeddable":true,"href":"https:\/\/ibixconservation.ca\/fr\/wp-json\/wp\/v2\/media\/12792"}],"wp:attachment":[{"href":"https:\/\/ibixconservation.ca\/fr\/wp-json\/wp\/v2\/media?parent=12805"}],"wp:term":[{"taxonomy":"product_cat","embeddable":true,"href":"https:\/\/ibixconservation.ca\/fr\/wp-json\/wp\/v2\/product_cat?post=12805"},{"taxonomy":"product_tag","embeddable":true,"href":"https:\/\/ibixconservation.ca\/fr\/wp-json\/wp\/v2\/product_tag?post=12805"}],"curies":[{"name":"wp","href":"https:\/\/api.w.org\/{rel}","templated":true}]}}