{"id":14529,"date":"2023-09-22T09:02:34","date_gmt":"2023-09-22T09:02:34","guid":{"rendered":"https:\/\/ibixconservation.ca\/product\/milieu-de-dynamitage-abrasif-reblast-verre-concasse\/"},"modified":"2024-02-20T22:22:56","modified_gmt":"2024-02-20T22:22:56","slug":"abrasif-blasting-media-reblast-crushed-glass","status":"publish","type":"product","link":"https:\/\/ibixconservation.ca\/fr\/produit\/abrasif-blasting-media-reblast-crushed-glass\/","title":{"rendered":"Milieu de sablage abrasif &#8211; Reblast &#8211; Verre concass\u00e9"},"content":{"rendered":"<p>ReBlast est un produit tr\u00e8s propre. Contient une quantit\u00e9 minimale de sel. Contrairement aux abrasifs de laitier de carbone, le verre a une faible teneur en m\u00e9taux lourds, ce qui est particuli\u00e8rement important lorsque vous travaillez dans des zones o\u00f9 il peut \u00eatre difficile de collecter l\u2019abrasif apr\u00e8s utilisation. Le sable de quartz est utilis\u00e9 dans la production de verre, mais pendant le processus de fusion, le quartz cristallin est transform\u00e9 en quartz amorphe.<br \/>\nLe passage de l\u2019utilisation de sable de quartz \u00e0 l\u2019utilisation de verre concass\u00e9 am\u00e9liore l\u2019environnement de travail car ReBlast n\u2019inclut pas le quartz respirable notoirement nocif.<\/p>\n","protected":false},"excerpt":{"rendered":"<p>Convient pour le traitement de l\u2019acier, de l\u2019acier inoxydable et de l\u2019aluminium ReBlast est un abrasif sans fer adapt\u00e9 \u00e0 une utilisation sur l\u2019acier, l\u2019acier inoxydable et l\u2019aluminium.<br \/>\nReBlast a une forme angulaire qui en fait un abrasif efficace pour les travaux de nettoyage.<\/p>\n","protected":false},"featured_media":15679,"comment_status":"open","ping_status":"closed","template":"","meta":[],"product_cat":[217,201,216],"product_tag":[],"class_list":{"0":"post-14529","1":"product","2":"type-product","3":"status-publish","4":"has-post-thumbnail","6":"product_brand-ibix-fr","7":"product_cat-abrasif-pour-le-sablage","8":"product_cat-equipement","9":"product_cat-materiaux","11":"first","12":"instock","13":"taxable","14":"shipping-taxable","15":"purchasable","16":"product-type-variable"},"bundled_by":[],"bundle_stock_status":"instock","bundle_stock_quantity":null,"bundle_virtual":false,"bundle_layout":"","bundle_add_to_cart_form_location":"","bundle_editable_in_cart":false,"bundle_sold_individually_context":"","bundle_item_grouping":"","bundle_min_size":"","bundle_max_size":"","bundle_price":[],"bundled_items":[],"bundle_sell_ids":[],"_links":{"self":[{"href":"https:\/\/ibixconservation.ca\/fr\/wp-json\/wp\/v2\/product\/14529","targetHints":{"allow":["GET"]}}],"collection":[{"href":"https:\/\/ibixconservation.ca\/fr\/wp-json\/wp\/v2\/product"}],"about":[{"href":"https:\/\/ibixconservation.ca\/fr\/wp-json\/wp\/v2\/types\/product"}],"replies":[{"embeddable":true,"href":"https:\/\/ibixconservation.ca\/fr\/wp-json\/wp\/v2\/comments?post=14529"}],"wp:featuredmedia":[{"embeddable":true,"href":"https:\/\/ibixconservation.ca\/fr\/wp-json\/wp\/v2\/media\/15679"}],"wp:attachment":[{"href":"https:\/\/ibixconservation.ca\/fr\/wp-json\/wp\/v2\/media?parent=14529"}],"wp:term":[{"taxonomy":"product_cat","embeddable":true,"href":"https:\/\/ibixconservation.ca\/fr\/wp-json\/wp\/v2\/product_cat?post=14529"},{"taxonomy":"product_tag","embeddable":true,"href":"https:\/\/ibixconservation.ca\/fr\/wp-json\/wp\/v2\/product_tag?post=14529"}],"curies":[{"name":"wp","href":"https:\/\/api.w.org\/{rel}","templated":true}]}}