{"id":14533,"date":"2023-09-21T09:27:29","date_gmt":"2023-09-21T09:27:29","guid":{"rendered":"https:\/\/ibixconservation.ca\/product\/air-no-dust-systemes-de-reduction-de-la-poussiere\/"},"modified":"2024-06-10T22:52:32","modified_gmt":"2024-06-10T22:52:32","slug":"air-no-dust-dust-abatement-systems","status":"publish","type":"product","link":"https:\/\/ibixconservation.ca\/fr\/produit\/air-no-dust-dust-abatement-systems\/","title":{"rendered":"Machine \u00e0 air n\u00e9gatif &#8211; D\u00e9pollution et assainissement"},"content":{"rendered":"<p>IBIX Negative Air Machine est une gamme sp\u00e9ciale d\u2019extracteurs, capables d\u2019aspirer l\u2019air contamin\u00e9 pendant de tr\u00e8s longs cycles, de d\u00e9composer la charge polluante et de renvoyer de l\u2019air sain. Utilis\u00e9 \u00e0 l\u2019ext\u00e9rieur, IIBIX Negative Air Machine est un aspirateur puissant qui emp\u00eache la propagation de la poussi\u00e8re, les filtres professionnels dont il est \u00e9quip\u00e9 le rendent efficace contre m\u00eame les petites particules jusqu\u2019\u00e0 l\u2019ordre de \u03bc. Dans les espaces confin\u00e9s, IBIX Negative Air Machine r\u00e9duit la poussi\u00e8re \u00e0 l\u2019int\u00e9rieur et emp\u00eache toute contamination de l\u2019environnement environnant.<\/p>\n<p>IBIX Negative Air Machine 2000<\/p>\n<ul>\n<li>Bride d\u2019aspiration int\u00e9gr\u00e9e &#8211; connexion de tuyau dm. 300mm Longueur 10m<\/li>\n<li>Bride d\u2019extraction int\u00e9gr\u00e9e &#8211; connexion de tuyau dm. 300mm Longueur 10m<\/li>\n<li>Utilis\u00e9 dans les espaces confin\u00e9s&nbsp;: id\u00e9al jusqu\u2019\u00e0 des pi\u00e8ces de 33 m\u00b2<\/li>\n<\/ul>\n<p>IBIX Negative Air Machine 3000<\/p>\n<ul>\n<li>Bride d\u2019aspiration int\u00e9gr\u00e9e &#8211; connexion de tuyau dm. 450mm Longueur 10m<\/li>\n<li>Bride d\u2019extraction int\u00e9gr\u00e9e \u2013 connexion de tuyau dm. 450mm Longueur 10m<\/li>\n<li>Utilis\u00e9 dans les espaces confin\u00e9s&nbsp;: id\u00e9al jusqu\u2019\u00e0 des pi\u00e8ces de 61 m\u00b2<\/li>\n<\/ul>\n<p>&nbsp;<\/p>\n","protected":false},"excerpt":{"rendered":"<p><strong>IBIX Negative Air Machine<\/strong> est la solution id\u00e9ale pour toujours avoir de l\u2019air pur dans la zone de travail. En fait, certaines op\u00e9rations de chantier g\u00e9n\u00e8rent de la poussi\u00e8re, ce qui est souvent nocif pour ceux qui travaillent, ce qui rend la zone environnante inutilisable.<\/p>\n","protected":false},"featured_media":13364,"comment_status":"open","ping_status":"closed","template":"","meta":[],"product_cat":[201,210],"product_tag":[],"class_list":{"0":"post-14533","1":"product","2":"type-product","3":"status-publish","4":"has-post-thumbnail","6":"product_brand-ibix-fr","7":"product_cat-equipement","8":"product_cat-reduction-de-la-poussiere","10":"first","11":"instock","12":"sale","13":"taxable","14":"shipping-taxable","15":"purchasable","16":"product-type-variable"},"bundled_by":[],"bundle_stock_status":"instock","bundle_stock_quantity":null,"bundle_virtual":false,"bundle_layout":"","bundle_add_to_cart_form_location":"","bundle_editable_in_cart":false,"bundle_sold_individually_context":"","bundle_item_grouping":"","bundle_min_size":"","bundle_max_size":"","bundle_price":[],"bundled_items":[],"bundle_sell_ids":[],"_links":{"self":[{"href":"https:\/\/ibixconservation.ca\/fr\/wp-json\/wp\/v2\/product\/14533","targetHints":{"allow":["GET"]}}],"collection":[{"href":"https:\/\/ibixconservation.ca\/fr\/wp-json\/wp\/v2\/product"}],"about":[{"href":"https:\/\/ibixconservation.ca\/fr\/wp-json\/wp\/v2\/types\/product"}],"replies":[{"embeddable":true,"href":"https:\/\/ibixconservation.ca\/fr\/wp-json\/wp\/v2\/comments?post=14533"}],"wp:featuredmedia":[{"embeddable":true,"href":"https:\/\/ibixconservation.ca\/fr\/wp-json\/wp\/v2\/media\/13364"}],"wp:attachment":[{"href":"https:\/\/ibixconservation.ca\/fr\/wp-json\/wp\/v2\/media?parent=14533"}],"wp:term":[{"taxonomy":"product_cat","embeddable":true,"href":"https:\/\/ibixconservation.ca\/fr\/wp-json\/wp\/v2\/product_cat?post=14533"},{"taxonomy":"product_tag","embeddable":true,"href":"https:\/\/ibixconservation.ca\/fr\/wp-json\/wp\/v2\/product_tag?post=14533"}],"curies":[{"name":"wp","href":"https:\/\/api.w.org\/{rel}","templated":true}]}}