{"id":14536,"date":"2023-09-21T08:13:16","date_gmt":"2023-09-21T08:13:16","guid":{"rendered":"https:\/\/ibixconservation.ca\/product\/ibix-cab-cabines-portatives-de-sablage\/"},"modified":"2025-09-20T21:31:33","modified_gmt":"2025-09-20T21:31:33","slug":"ibix-cab-portable-sandblasting-booths","status":"publish","type":"product","link":"https:\/\/ibixconservation.ca\/fr\/produit\/ibix-cab-portable-sandblasting-booths\/","title":{"rendered":"IBIX CAB &#8211; Cabines portatives de sablage"},"content":{"rendered":"<div class=\"page\" title=\"Page 1\">\n<div class=\"section\">\n<div class=\"layoutArea\">\n<div class=\"column\">\n<h4>PROTECTION ET S\u00c9CURIT\u00c9<\/h4>\n<div class=\"page\" title=\"Page 2\">\n<div class=\"section\">\n<div class=\"layoutArea\">\n<div class=\"column\">\n<p><span style=\"color: var(--rz-text-color); font-family: var(--rz-font-family-primary);\">Environnement s\u00fbr, <\/span><span style=\"color: var(--rz-text-color); font-family: var(--rz-font-family-primary);\">autonome et <\/span><span style=\"color: var(--rz-text-color); font-family: var(--rz-font-family-primary);\">portable.<\/span><\/p>\n<p>En quelques instants, vous serez en mesure d\u2019op\u00e9rer dans une zone contr\u00f4l\u00e9e capable de prot\u00e9ger, en m\u00eame temps, l\u2019environnement environnant de la poussi\u00e8re et le lieu de travail contre les agents externes ind\u00e9sirables tels que la pluie ou le vent.<\/p>\n<\/div>\n<\/div>\n<\/div>\n<\/div>\n<p>&nbsp;<\/p>\n<\/div>\n<\/div>\n<\/div>\n<\/div>\n","protected":false},"excerpt":{"rendered":"<div class=\"page\" title=\"Page 1\">\n<div class=\"section\">\n<div class=\"layoutArea\">\n<div class=\"column\">\n<p>Les cabines de sablage gonflables IBIX vous permettront de recr\u00e9er un environnement de travail s\u00fbr dans n\u2019importe quelle situation. Les cabines de sablage gonflable IBIX offrent une simplicit\u00e9 d\u2019installation et d\u2019utilisation.<\/p>\n<\/div>\n<\/div>\n<\/div>\n<\/div>\n","protected":false},"featured_media":13357,"comment_status":"open","ping_status":"closed","template":"","meta":[],"product_cat":[201,210],"product_tag":[],"class_list":{"0":"post-14536","1":"product","2":"type-product","3":"status-publish","4":"has-post-thumbnail","6":"product_brand-ibix-fr","7":"product_cat-equipement","8":"product_cat-reduction-de-la-poussiere","10":"first","11":"instock","12":"featured","13":"taxable","14":"shipping-taxable","15":"purchasable","16":"product-type-variable"},"bundled_by":[],"bundle_stock_status":"instock","bundle_stock_quantity":null,"bundle_virtual":false,"bundle_layout":"","bundle_add_to_cart_form_location":"","bundle_editable_in_cart":false,"bundle_sold_individually_context":"","bundle_item_grouping":"","bundle_min_size":"","bundle_max_size":"","bundle_price":[],"bundled_items":[],"bundle_sell_ids":[],"_links":{"self":[{"href":"https:\/\/ibixconservation.ca\/fr\/wp-json\/wp\/v2\/product\/14536","targetHints":{"allow":["GET"]}}],"collection":[{"href":"https:\/\/ibixconservation.ca\/fr\/wp-json\/wp\/v2\/product"}],"about":[{"href":"https:\/\/ibixconservation.ca\/fr\/wp-json\/wp\/v2\/types\/product"}],"replies":[{"embeddable":true,"href":"https:\/\/ibixconservation.ca\/fr\/wp-json\/wp\/v2\/comments?post=14536"}],"wp:featuredmedia":[{"embeddable":true,"href":"https:\/\/ibixconservation.ca\/fr\/wp-json\/wp\/v2\/media\/13357"}],"wp:attachment":[{"href":"https:\/\/ibixconservation.ca\/fr\/wp-json\/wp\/v2\/media?parent=14536"}],"wp:term":[{"taxonomy":"product_cat","embeddable":true,"href":"https:\/\/ibixconservation.ca\/fr\/wp-json\/wp\/v2\/product_cat?post=14536"},{"taxonomy":"product_tag","embeddable":true,"href":"https:\/\/ibixconservation.ca\/fr\/wp-json\/wp\/v2\/product_tag?post=14536"}],"curies":[{"name":"wp","href":"https:\/\/api.w.org\/{rel}","templated":true}]}}