{"id":14544,"date":"2023-09-20T18:47:28","date_gmt":"2023-09-20T18:47:28","guid":{"rendered":"https:\/\/ibixconservation.ca\/product\/pistolet-helix\/"},"modified":"2023-09-20T18:47:28","modified_gmt":"2023-09-20T18:47:28","slug":"helice-pistolet","status":"publish","type":"product","link":"https:\/\/ibixconservation.ca\/fr\/produit\/helice-pistolet\/","title":{"rendered":"Pistolet helix"},"content":{"rendered":"<p>HELIX&nbsp;: LA MEILLEURE SOLUTION TECHNOLOGIQUE POUR UN NETTOYAGE CONSERVATEUR<\/p>\n<p>Combinaison de l\u2019effet Venturi g\u00e9n\u00e9r\u00e9 par une conformation sp\u00e9ciale du c\u00f4ne de sortie et d\u2019une rotation h\u00e9lico\u00efdale<br \/>\nsyst\u00e8me de mouvement r\u00e9duire consid\u00e9rablement le volume d\u2019air et augmenter la zone cible de nettoyage.<\/p>\n<p>30% PLUS RAPIDE &#8211; 30% PLUS EFFICACE<\/p>\n<p>L\u2019utilisation de mat\u00e9riaux sp\u00e9ciaux r\u00e9sistants \u00e0 l\u2019usure, \u00e0 base de carbure de tungst\u00e8ne, permet d\u2019avoir des buses qui se tiennent<br \/>\nen raison de leur durabilit\u00e9 et de leur dur\u00e9e de vie, m\u00eame lorsque des abrasifs puissants sont utilis\u00e9s.<\/p>\n<p>BREVET EXCLUSIF IBIX SRL<\/p>\n<p>Les pistolets \u00e0 vortex h\u00e9lico\u00efdaux HELIX sont un brevet exclusif d\u2019IBIX. HELIX est la seule technologie capable de donner aux supports sortant du pistolet un mouvement rotatif, faisant de HELIX la technologie parfaite pour la r\u00e9cup\u00e9ration et la pr\u00e9servation.<\/p>\n<p>Sp\u00e9cialement con\u00e7u pour nettoyer les pierres naturelles et artificielles d\u00e9licates, le marbre et le bois. HELIX pr\u00e9voit une projection \u00e0 basse pression avec \u00ab&nbsp;impact tangentiel&nbsp;\u00bb sur la surface pour une vari\u00e9t\u00e9 de milieux tels que&nbsp;: les carbonates de calcium, le bicarbonate de sodium, les coquilles de noix et les \u00e9pis de ma\u00efs, l\u2019almandine grenat, y compris les produits micronis\u00e9s fins et superfins.<\/p>\n<p>Le nettoyage des surfaces historiques et modernes est l\u2019une des \u00e9tapes les plus d\u00e9licates de toute l\u2019op\u00e9ration de pr\u00e9servation. La m\u00e9thode HELIX apporte une contribution importante au cycle de nettoyage car elle r\u00e9duit au minimum les contraintes de surface chimiques et m\u00e9caniques gr\u00e2ce \u00e0 la possibilit\u00e9 d\u2019obtenir un \u00e9talonnage optimal du processus de nettoyage en ajustant \u00e0 la fois la pression de fonctionnement et la granulom\u00e9trie et la duret\u00e9 des agr\u00e9gats<br \/>\nCeux-ci sont s\u00e9lectionn\u00e9s en fonction des diff\u00e9rents contextes d\u2019intervention et de leur biocompatibilit\u00e9 globale et de leur impact sur la sant\u00e9, pour la protection de l\u2019environnement et des op\u00e9rateurs.<\/p>\n","protected":false},"excerpt":{"rendered":"<p>Pistolet helix avec action Vortex et buse en carbure de tungst\u00e8ne pour IBIX 3\/6\/9 avec 20 pieds. Tuyau et IBIX 25\/40\/60 30 pi. Tuyau d\u2019arro<\/p>\n<p><span class=\"lead\">Helix est une technologie sp\u00e9ciale capable de donner un mouvement rotatif \u00e0 l\u2019abrasif sortant du pistolet du syst\u00e8me de nettoyage IBIX.<\/span><\/p>\n","protected":false},"featured_media":13321,"comment_status":"open","ping_status":"closed","template":"","meta":[],"product_cat":[209,201],"product_tag":[],"class_list":{"0":"post-14544","1":"product","2":"type-product","3":"status-publish","4":"has-post-thumbnail","6":"product_brand-ibix-fr","7":"product_cat-accessoires","8":"product_cat-equipement","10":"first","11":"instock","12":"taxable","13":"shipping-taxable","14":"purchasable","15":"product-type-variable"},"bundled_by":[],"bundle_stock_status":"instock","bundle_stock_quantity":null,"bundle_virtual":false,"bundle_layout":"","bundle_add_to_cart_form_location":"","bundle_editable_in_cart":false,"bundle_sold_individually_context":"","bundle_item_grouping":"","bundle_min_size":"","bundle_max_size":"","bundle_price":[],"bundled_items":[],"bundle_sell_ids":[],"_links":{"self":[{"href":"https:\/\/ibixconservation.ca\/fr\/wp-json\/wp\/v2\/product\/14544","targetHints":{"allow":["GET"]}}],"collection":[{"href":"https:\/\/ibixconservation.ca\/fr\/wp-json\/wp\/v2\/product"}],"about":[{"href":"https:\/\/ibixconservation.ca\/fr\/wp-json\/wp\/v2\/types\/product"}],"replies":[{"embeddable":true,"href":"https:\/\/ibixconservation.ca\/fr\/wp-json\/wp\/v2\/comments?post=14544"}],"wp:featuredmedia":[{"embeddable":true,"href":"https:\/\/ibixconservation.ca\/fr\/wp-json\/wp\/v2\/media\/13321"}],"wp:attachment":[{"href":"https:\/\/ibixconservation.ca\/fr\/wp-json\/wp\/v2\/media?parent=14544"}],"wp:term":[{"taxonomy":"product_cat","embeddable":true,"href":"https:\/\/ibixconservation.ca\/fr\/wp-json\/wp\/v2\/product_cat?post=14544"},{"taxonomy":"product_tag","embeddable":true,"href":"https:\/\/ibixconservation.ca\/fr\/wp-json\/wp\/v2\/product_tag?post=14544"}],"curies":[{"name":"wp","href":"https:\/\/api.w.org\/{rel}","templated":true}]}}