{"id":14547,"date":"2023-09-18T12:26:24","date_gmt":"2023-09-18T12:26:24","guid":{"rendered":"https:\/\/ibixconservation.ca\/product\/milieu-de-dynamitage-abrasif-verre-concasse\/"},"modified":"2024-03-07T15:02:39","modified_gmt":"2024-03-07T15:02:39","slug":"verre-abrasif-dynamitage-milieu-broye","status":"publish","type":"product","link":"https:\/\/ibixconservation.ca\/fr\/produit\/verre-abrasif-dynamitage-milieu-broye\/","title":{"rendered":"Milieu de Sablage abrasif \u2013 Verre concass\u00e9"},"content":{"rendered":"<h3 class=\"wp-block-heading\"><strong>Deux tailles disponibles :<\/strong><\/h3>\n<ul>\n<li>Grossier \u00e0 moyen, 40\/70 mailles<\/li>\n<li>Moyen \u00e0 fin, 70\/100 mailles de grain<\/li>\n<li>40\/70 est destin\u00e9 aux applications d\u2019entretien des usines et des b\u00e2timents<\/li>\n<li>70\/100 est utilis\u00e9 sur l\u2019enl\u00e8vement de la peinture, l\u2019enl\u00e8vement des graffitis et l\u2019enl\u00e8vement de la rouille<\/li>\n<\/ul>\n<p>Ce milieu abrasif, fabriqu\u00e9 \u00e0 partir de verre 100% recycl\u00e9, convient \u00e0 la fois au sablage humide et sec et peut \u00eatre utilis\u00e9 sur une grande vari\u00e9t\u00e9 de surfaces.<\/p>\n<h3><strong>Surfaces qui peuvent \u00eatre sabl\u00e9es avec du verre concass\u00e9 \u00e0 mailles 40\/70 :<\/strong><\/h3>\n<ul>\n<li>Ardoise<\/li>\n<li>Marbre poli ou brut<\/li>\n<li>Pierre<\/li>\n<li>Cuivre<\/li>\n<li>Laiton<\/li>\n<li>Feuillus<\/li>\n<li>Fer peint ou rouill\u00e9<\/li>\n<li>Brique<\/li>\n<li>Granit<\/li>\n<li>Chrome<\/li>\n<li>B\u00e9ton<\/li>\n<li>Pipelines<\/li>\n<li>Wagons<\/li>\n<\/ul>\n<h3><strong>Recommandations pour le nettoyage de surface avec du verre concass\u00e9 \u00e0 mailles 40\/70&nbsp;:<\/strong><\/h3>\n<ul>\n<li>Restauration des b\u00e2timents<\/li>\n<li>\u00c9limination des gencives<\/li>\n<li>Enl\u00e8vement de l\u2019\u00e9chelle de l\u2019usine<\/li>\n<li>Nettoyage g\u00e9n\u00e9ral<\/li>\n<\/ul>\n<h3><strong>Surfaces qui peuvent \u00eatre sabl\u00e9es avec du verre concass\u00e9 \u00e0 mailles 70\/100 :<\/strong><\/h3>\n<ul>\n<li>Aluminium<\/li>\n<li>Verre satin\u00e9<\/li>\n<li>Plastiques<\/li>\n<li>Ma\u00e7onnerie<\/li>\n<li>Bois r\u00e9sineux<\/li>\n<li>Bois vieilli<\/li>\n<li>Chrome<\/li>\n<li>B\u00e9ton<\/li>\n<li>Pipelines<\/li>\n<li>Wagons<\/li>\n<\/ul>\n<h3><strong>Recommandations pour le nettoyage de surface avec du verre concass\u00e9 \u00e0 mailles 70\/100&nbsp;:<\/strong><\/h3>\n<ul>\n<li>Enl\u00e8vement de la peinture<\/li>\n<li>Enl\u00e8vement des graffitis<\/li>\n<\/ul>\n","protected":false},"excerpt":{"rendered":"<h3 class=\"wp-block-heading\">Verre broy\u00e9 IBIX<\/h3>\n<ul>\n<li><strong>Cat\u00e9goris\u00e9 comme un abrasif MOYEN<\/strong><\/li>\n<li>Pour les surfaces dures seulement<\/li>\n<li>Pour l\u2019enl\u00e8vement de la rouille ou de la peinture<\/li>\n<li>Ne contient pas de m\u00e9taux lourds ou de silice libre<\/li>\n<\/ul>\n<div class=\"elementor-element elementor-element-bf472a5 elementor-widget__width-auto elementor-widget elementor-widget-button\" data-id=\"bf472a5\" data-element_type=\"widget\" data-widget_type=\"button.default\"><\/div>\n","protected":false},"featured_media":13174,"comment_status":"open","ping_status":"closed","template":"","meta":[],"product_cat":[217,216],"product_tag":[],"class_list":{"0":"post-14547","1":"product","2":"type-product","3":"status-publish","4":"has-post-thumbnail","6":"product_cat-abrasif-pour-le-sablage","7":"product_cat-materiaux","9":"first","10":"outofstock","11":"taxable","12":"shipping-taxable","13":"purchasable","14":"product-type-simple"},"bundled_by":[],"bundle_stock_status":"outofstock","bundle_stock_quantity":null,"bundle_virtual":false,"bundle_layout":"","bundle_add_to_cart_form_location":"","bundle_editable_in_cart":false,"bundle_sold_individually_context":"","bundle_item_grouping":"","bundle_min_size":"","bundle_max_size":"","bundle_price":[],"bundled_items":[],"bundle_sell_ids":[],"_links":{"self":[{"href":"https:\/\/ibixconservation.ca\/fr\/wp-json\/wp\/v2\/product\/14547","targetHints":{"allow":["GET"]}}],"collection":[{"href":"https:\/\/ibixconservation.ca\/fr\/wp-json\/wp\/v2\/product"}],"about":[{"href":"https:\/\/ibixconservation.ca\/fr\/wp-json\/wp\/v2\/types\/product"}],"replies":[{"embeddable":true,"href":"https:\/\/ibixconservation.ca\/fr\/wp-json\/wp\/v2\/comments?post=14547"}],"wp:featuredmedia":[{"embeddable":true,"href":"https:\/\/ibixconservation.ca\/fr\/wp-json\/wp\/v2\/media\/13174"}],"wp:attachment":[{"href":"https:\/\/ibixconservation.ca\/fr\/wp-json\/wp\/v2\/media?parent=14547"}],"wp:term":[{"taxonomy":"product_cat","embeddable":true,"href":"https:\/\/ibixconservation.ca\/fr\/wp-json\/wp\/v2\/product_cat?post=14547"},{"taxonomy":"product_tag","embeddable":true,"href":"https:\/\/ibixconservation.ca\/fr\/wp-json\/wp\/v2\/product_tag?post=14547"}],"curies":[{"name":"wp","href":"https:\/\/api.w.org\/{rel}","templated":true}]}}