{"id":14548,"date":"2023-09-18T12:26:24","date_gmt":"2023-09-18T12:26:24","guid":{"rendered":"https:\/\/ibixconservation.ca\/product\/media-de-sablage-abrasif-garnet\/"},"modified":"2024-05-29T03:44:58","modified_gmt":"2024-05-29T03:44:58","slug":"abrasif-dynamitage-media-grenat","status":"publish","type":"product","link":"https:\/\/ibixconservation.ca\/fr\/produit\/abrasif-dynamitage-media-grenat\/","title":{"rendered":"M\u00e9dia de sablage abrasif &#8211; Grenat &#8211; Sacs de 55 lb"},"content":{"rendered":"<p>La symbiose parfaite de la taille des grains, de la densit\u00e9 et de la duret\u00e9 \/ durabilit\u00e9 cr\u00e9e l\u2019efficacit\u00e9 abrasive optimale et la consommation abrasive la plus faible.  <strong>Il peut \u00eatre recycl\u00e9 5 fois sans perdre sa capacit\u00e9 sup\u00e9rieure. Un faible d\u00e9poussi\u00e9rage am\u00e9liore la sant\u00e9 et la s\u00e9curit\u00e9 de l\u2019op\u00e9rateur et de l\u2019environnement.<\/strong><\/p>\n<h3 class=\"wp-block-heading\"><strong>M\u00e9dias abrasifs grenat<\/strong><\/h3>\n<ul>\n<li><strong>Cat\u00e9goris\u00e9 comme un abrasif DUR<\/strong><\/li>\n<li>M\u00e9langes de qualit\u00e9 d\u2019ing\u00e9nierie<\/li>\n<li>Grossier Grit<\/li>\n<li>Grain moyen<\/li>\n<li>Grain fin<\/li>\n<li>Sacs de 55 lb<\/li>\n<li>Dimensions de la palette 41&nbsp;\u00bb x 41&nbsp;\u00bb x 23&nbsp;\u00bb<\/li>\n<li>40 sacs \/ Palette (2200lbs net)<\/li>\n<\/ul>\n<h3 class=\"wp-block-heading\"><strong>Caract\u00e9ristiques&nbsp;:<\/strong><\/h3>\n<ul>\n<li>Non toxique<\/li>\n<li>Min\u00e9ral durable, dur et naturel<\/li>\n<li>Faible d\u00e9poussi\u00e9rage<\/li>\n<li>R\u00e9utilisable&nbsp;: Peut \u00eatre r\u00e9utilis\u00e9 jusqu\u2019\u00e0 5-7 fois tout en maintenant l\u2019efficacit\u00e9. M\u00e9lange d\u2019utilisation de 70% utilis\u00e9 (filtr\u00e9 par tamis) et 30% de nouveaux m\u00e9dias<\/li>\n<li>Lors du recyclage du grenat, utilisez une passoire pour enlever tous les d\u00e9bris des milieux \u00e0 r\u00e9utiliser<\/li>\n<li>Grain grossier pour les peintures et les rev\u00eatements lourds<\/li>\n<li>Grain moyen pour la pr\u00e9paration de la surface, l\u2019enl\u00e8vement de la peinture et le nettoyage de la pierre<\/li>\n<li>Grain fin pour le nettoyage en douceur du bois et de la suie, assainissement des moisissures<\/li>\n<\/ul>\n<div class=\"wp-block-columns has-3-columns is-layout-flex wp-container-4 wp-block-columns-is-layout-flex\">\n<div class=\"wp-block-column is-layout-flow wp-block-column-is-layout-flow\"><\/div>\n<\/div>\n<h3 class=\"wp-block-heading\"><strong>Nettoyage recommand\u00e9 (mais sans s\u2019y limiter) :<\/strong><\/h3>\n<ul>\n<li>Fum\u00e9e\/suie<\/li>\n<li>Contr\u00f4le des odeurs<\/li>\n<li>Rem\u00e9diation des moisissures<\/li>\n<li>D\u00e9graissage g\u00e9n\u00e9ral<\/li>\n<li>Graffitis sur verre<\/li>\n<li>Ardoise<\/li>\n<li>Marbre poli<\/li>\n<li>Cuivre<\/li>\n<li>Travertin<\/li>\n<li>Laiton<\/li>\n<li>Calcaire<\/li>\n<li>Chrome<\/li>\n<li>Bois de teck<\/li>\n<\/ul>\n","protected":false},"excerpt":{"rendered":"<p><strong>IBIX<sup>\u00ae<\/sup><\/strong> Les syst\u00e8mes de pr\u00e9paration portables et <strong>les abrasifs grenats Fine 200 Mesh<\/strong> sont scientifiquement formul\u00e9s pour travailler ensemble sur des projets de restauration d\u00e9licats. Nettoyant des biens historiques pr\u00e9cieux, de la ma\u00e7onnerie, du b\u00e9ton, du coulis, de la pierre, du marbre, des carreaux et bien plus encore,<strong> Garnet<\/strong> est un abrasif rentable, performant et respectueux de l\u2019environnement.<\/p>\n","protected":false},"featured_media":13168,"comment_status":"open","ping_status":"closed","template":"","meta":[],"product_cat":[217,216],"product_tag":[],"class_list":{"0":"post-14548","1":"product","2":"type-product","3":"status-publish","4":"has-post-thumbnail","6":"product_brand-ibix-special-cleaning-fr","7":"product_cat-abrasif-pour-le-sablage","8":"product_cat-materiaux","10":"first","11":"instock","12":"sale","13":"taxable","14":"shipping-taxable","15":"purchasable","16":"product-type-variable"},"bundled_by":[],"bundle_stock_status":"instock","bundle_stock_quantity":null,"bundle_virtual":false,"bundle_layout":"","bundle_add_to_cart_form_location":"","bundle_editable_in_cart":false,"bundle_sold_individually_context":"","bundle_item_grouping":"","bundle_min_size":"","bundle_max_size":"","bundle_price":[],"bundled_items":[],"bundle_sell_ids":[],"_links":{"self":[{"href":"https:\/\/ibixconservation.ca\/fr\/wp-json\/wp\/v2\/product\/14548","targetHints":{"allow":["GET"]}}],"collection":[{"href":"https:\/\/ibixconservation.ca\/fr\/wp-json\/wp\/v2\/product"}],"about":[{"href":"https:\/\/ibixconservation.ca\/fr\/wp-json\/wp\/v2\/types\/product"}],"replies":[{"embeddable":true,"href":"https:\/\/ibixconservation.ca\/fr\/wp-json\/wp\/v2\/comments?post=14548"}],"wp:featuredmedia":[{"embeddable":true,"href":"https:\/\/ibixconservation.ca\/fr\/wp-json\/wp\/v2\/media\/13168"}],"wp:attachment":[{"href":"https:\/\/ibixconservation.ca\/fr\/wp-json\/wp\/v2\/media?parent=14548"}],"wp:term":[{"taxonomy":"product_cat","embeddable":true,"href":"https:\/\/ibixconservation.ca\/fr\/wp-json\/wp\/v2\/product_cat?post=14548"},{"taxonomy":"product_tag","embeddable":true,"href":"https:\/\/ibixconservation.ca\/fr\/wp-json\/wp\/v2\/product_tag?post=14548"}],"curies":[{"name":"wp","href":"https:\/\/api.w.org\/{rel}","templated":true}]}}