{"id":14552,"date":"2023-09-18T12:26:23","date_gmt":"2023-09-18T12:26:23","guid":{"rendered":"https:\/\/ibixconservation.ca\/product\/sablage-abrasifs-bicarbonate-de-sodium\/"},"modified":"2024-03-07T15:32:25","modified_gmt":"2024-03-07T15:32:25","slug":"abrasif-dynamitage-milieu-sodium-bicarbonate","status":"publish","type":"product","link":"https:\/\/ibixconservation.ca\/fr\/produit\/abrasif-dynamitage-milieu-sodium-bicarbonate\/","title":{"rendered":"Milieux de Sablage abrasifs \u2013 Bicarbonate de sodium"},"content":{"rendered":"<p><strong>Le syst\u00e8me de Sablage de soude IBIX<\/strong> offre les avantages suivants :<\/p>\n<ul>\n<li>D\u00e9graissage, d\u00e9contamination et nettoyage<\/li>\n<li>Pas besoin d\u2019utiliser des d\u00e9tergents ou d\u2019autres produits chimiques agressifs<\/li>\n<li>Un proc\u00e9d\u00e9 de nettoyage 100% \u00e9cologique<\/li>\n<li>Tr\u00e8s faible consommation d\u2019eau<\/li>\n<\/ul>\n<p>&nbsp;<\/p>\n<h3 class=\"wp-block-heading\">Bicarbonate de sodium IBIX (et\/ou eau)<\/h3>\n<ul>\n<li>Cat\u00e9goris\u00e9 comme un abrasif SOFT<\/li>\n<li>Sac de 50 lb<\/li>\n<li>Dimensions de la palette 31&nbsp;\u00bb X 40&nbsp;\u00bb x 48&nbsp;\u00bb<\/li>\n<li>50 sacs\/palette (2500 lb net)<\/li>\n<li>Non toxique, non dangereux<\/li>\n<li>Approuv\u00e9 pour une utilisation dans les installations de transformation des aliments ou r\u00e9glement\u00e9es par la FDA<\/li>\n<li>Totalement soluble, ne laisse aucun r\u00e9sidu<\/li>\n<li>Tr\u00e8s faible consommation d\u2019eau<\/li>\n<li>Pour le nettoyage en douceur, l\u2019assainissement des moisissures, la suie<\/li>\n<\/ul>\n<h3 class=\"wp-block-heading\">Recommand\u00e9 pour le nettoyage (mais sans s\u2019y limiter) :<\/h3>\n<ul>\n<li>Fum\u00e9e\/suie<\/li>\n<li>Contr\u00f4le des odeurs<\/li>\n<li>Rem\u00e9diation des moisissures<\/li>\n<li>D\u00e9graissage g\u00e9n\u00e9ral<\/li>\n<li>Graffitis sur verre<\/li>\n<li>Ardoise<\/li>\n<li>Marbre poli<\/li>\n<li>Cuivre<\/li>\n<li>Travertin<\/li>\n<li>Laiton<\/li>\n<li>Calcaire<\/li>\n<li>Chrome<\/li>\n<li>Bois de teck<\/li>\n<\/ul>\n","protected":false},"excerpt":{"rendered":"<p>Le proc\u00e9d\u00e9 de <strong>sablage de soude <\/strong>IBIX<sup>\u00ae<\/sup> vous offre la meilleure solution de nettoyage et de d\u00e9contamination sans qu\u2019il soit n\u00e9cessaire d\u2019arr\u00eater votre ligne de production. <strong>Le bicarbonate de soude ARMEX<sup>\u00ae<\/sup><\/strong> est totalement soluble et, par cons\u00e9quent, le <strong>processus de sablage de la soude IBIX<\/strong> ne laisse aucun r\u00e9sidu.<\/p>\n","protected":false},"featured_media":13164,"comment_status":"open","ping_status":"closed","template":"","meta":[],"product_cat":[217,216],"product_tag":[],"class_list":{"0":"post-14552","1":"product","2":"type-product","3":"status-publish","4":"has-post-thumbnail","6":"product_cat-abrasif-pour-le-sablage","7":"product_cat-materiaux","9":"first","10":"instock","11":"taxable","12":"shipping-taxable","13":"purchasable","14":"product-type-simple"},"bundled_by":[],"bundle_stock_status":"instock","bundle_stock_quantity":null,"bundle_virtual":false,"bundle_layout":"","bundle_add_to_cart_form_location":"","bundle_editable_in_cart":false,"bundle_sold_individually_context":"","bundle_item_grouping":"","bundle_min_size":"","bundle_max_size":"","bundle_price":[],"bundled_items":[],"bundle_sell_ids":[],"_links":{"self":[{"href":"https:\/\/ibixconservation.ca\/fr\/wp-json\/wp\/v2\/product\/14552","targetHints":{"allow":["GET"]}}],"collection":[{"href":"https:\/\/ibixconservation.ca\/fr\/wp-json\/wp\/v2\/product"}],"about":[{"href":"https:\/\/ibixconservation.ca\/fr\/wp-json\/wp\/v2\/types\/product"}],"replies":[{"embeddable":true,"href":"https:\/\/ibixconservation.ca\/fr\/wp-json\/wp\/v2\/comments?post=14552"}],"wp:featuredmedia":[{"embeddable":true,"href":"https:\/\/ibixconservation.ca\/fr\/wp-json\/wp\/v2\/media\/13164"}],"wp:attachment":[{"href":"https:\/\/ibixconservation.ca\/fr\/wp-json\/wp\/v2\/media?parent=14552"}],"wp:term":[{"taxonomy":"product_cat","embeddable":true,"href":"https:\/\/ibixconservation.ca\/fr\/wp-json\/wp\/v2\/product_cat?post=14552"},{"taxonomy":"product_tag","embeddable":true,"href":"https:\/\/ibixconservation.ca\/fr\/wp-json\/wp\/v2\/product_tag?post=14552"}],"curies":[{"name":"wp","href":"https:\/\/api.w.org\/{rel}","templated":true}]}}