{"id":14833,"date":"2023-09-18T12:26:23","date_gmt":"2023-09-18T12:26:23","guid":{"rendered":"https:\/\/ibixconservation.ca\/product\/buse-plate-ibix\/"},"modified":"2023-09-18T12:26:23","modified_gmt":"2023-09-18T12:26:23","slug":"buse-plate-ibix","status":"publish","type":"product","link":"https:\/\/ibixconservation.ca\/fr\/produit\/buse-plate-ibix\/","title":{"rendered":"Buse plate IBIX"},"content":{"rendered":"<p><img fetchpriority=\"high\" decoding=\"async\" class=\"alignnone wp-image-1481\" src=\"http:\/\/www.sviluppo.dwb.it\/ibixusa\/wp-content\/uploads\/2023\/09\/fan-nozzle-300x151.png\" alt=\"\" width=\"539\" height=\"271\"><\/p>\n","protected":false},"excerpt":{"rendered":"<p>La forme sp\u00e9ciale de la buse, avec des angles sp\u00e9cialement con\u00e7us, permet au jet d\u2019\u00eatre ouvert pour couvrir le<br \/>\nzone de fonctionnement sans perdre en efficacit\u00e9, augmentant ainsi la vitesse de traitement.<\/p>\n","protected":false},"featured_media":13154,"comment_status":"open","ping_status":"closed","template":"","meta":[],"product_cat":[209,201],"product_tag":[],"class_list":{"0":"post-14833","1":"product","2":"type-product","3":"status-publish","4":"has-post-thumbnail","6":"product_cat-accessoires","7":"product_cat-equipement","9":"first","10":"instock","11":"taxable","12":"shipping-taxable","13":"purchasable","14":"product-type-variable"},"bundled_by":[],"bundle_stock_status":"instock","bundle_stock_quantity":null,"bundle_virtual":false,"bundle_layout":"","bundle_add_to_cart_form_location":"","bundle_editable_in_cart":false,"bundle_sold_individually_context":"","bundle_item_grouping":"","bundle_min_size":"","bundle_max_size":"","bundle_price":[],"bundled_items":[],"bundle_sell_ids":[],"_links":{"self":[{"href":"https:\/\/ibixconservation.ca\/fr\/wp-json\/wp\/v2\/product\/14833","targetHints":{"allow":["GET"]}}],"collection":[{"href":"https:\/\/ibixconservation.ca\/fr\/wp-json\/wp\/v2\/product"}],"about":[{"href":"https:\/\/ibixconservation.ca\/fr\/wp-json\/wp\/v2\/types\/product"}],"replies":[{"embeddable":true,"href":"https:\/\/ibixconservation.ca\/fr\/wp-json\/wp\/v2\/comments?post=14833"}],"wp:featuredmedia":[{"embeddable":true,"href":"https:\/\/ibixconservation.ca\/fr\/wp-json\/wp\/v2\/media\/13154"}],"wp:attachment":[{"href":"https:\/\/ibixconservation.ca\/fr\/wp-json\/wp\/v2\/media?parent=14833"}],"wp:term":[{"taxonomy":"product_cat","embeddable":true,"href":"https:\/\/ibixconservation.ca\/fr\/wp-json\/wp\/v2\/product_cat?post=14833"},{"taxonomy":"product_tag","embeddable":true,"href":"https:\/\/ibixconservation.ca\/fr\/wp-json\/wp\/v2\/product_tag?post=14833"}],"curies":[{"name":"wp","href":"https:\/\/api.w.org\/{rel}","templated":true}]}}