{"id":14867,"date":"2023-09-18T12:26:15","date_gmt":"2023-09-18T12:26:15","guid":{"rendered":"https:\/\/ibixconservation.ca\/product\/trilogie-ibix-nano-3\/"},"modified":"2024-02-27T02:18:13","modified_gmt":"2024-02-27T02:18:13","slug":"trilogie-ibix-nano-3","status":"publish","type":"product","link":"https:\/\/ibixconservation.ca\/fr\/produit\/trilogie-ibix-nano-3\/","title":{"rendered":"Trilogy IBIX NANO 3"},"content":{"rendered":"<p>Il est \u00e9quip\u00e9 d\u2019un r\u00e9servoir de 3 litres qui peut \u00eatre enti\u00e8rement vid\u00e9, ce qui facilite le changement d\u2019abrasif et \u00e9vite le risque de m\u00e9langer diff\u00e9rents mat\u00e9riaux de sablage&nbsp;; cela est possible gr\u00e2ce \u00e0 un entonnoir en plastique sp\u00e9cial install\u00e9 \u00e0 l\u2019int\u00e9rieur du r\u00e9servoir de la machine IBIX.<\/p>\n<p><strong>Nano 3 Trilogy<\/strong><\/p>\n<p>Il s\u2019agit d\u2019un dispositif a\u00e9ro-abrasif \u00e0 double fonctionnement (sec \/ humide), \u00e9quip\u00e9 d\u2019un syst\u00e8me sp\u00e9cial de \u00ab&nbsp;connexion rapide&nbsp;\u00bb et de deux pistolets facilement interchangeables, d\u2019un H2O standard et d\u2019une h\u00e9lice.<\/p>\n<h4>Le kit NANO IBIX 3 est disponible en deux autres versions&nbsp;:<\/h4>\n<p><strong>KIT NANO IBIX\u00ae 3<\/strong><\/p>\n<p>Kit \u00e9quip\u00e9 d\u2019un r\u00e9servoir de 3 litres qui peut \u00eatre enti\u00e8rement vid\u00e9, ce qui facilite le changement d\u2019abrasif et \u00e9vite le risque de m\u00e9langer diff\u00e9rents mat\u00e9riaux de sablage&nbsp;; cela est possible gr\u00e2ce \u00e0 un entonnoir en plastique sp\u00e9cial install\u00e9 \u00e0 l\u2019int\u00e9rieur du r\u00e9servoir de la machine IBIX&nbsp;; le kit est disponible avec une valise d\u2019abrasifs pour les \u00e9chantillons.<\/p>\n<p><strong>NANO IBIX\u00ae 3 con penna<\/strong><\/p>\n<p>Le Nano Ibix r\u00e9v\u00e8le son efficacit\u00e9 sup\u00e9rieure avec le microtip Ibix&nbsp;; cet outil permet \u00e0 l\u2019op\u00e9rateur de travailler sur les plus petits d\u00e9tails avec un maximum de confort&nbsp;; il est fait de carbure de tungst\u00e8ne, un mat\u00e9riau tr\u00e8s r\u00e9sistant et durable par rapport aux pointes en c\u00e9ramique.<\/p>\n","protected":false},"excerpt":{"rendered":"<p>Le syst\u00e8me de nettoyage a\u00e9ro-abrasif Trilogy NANO IBIX 3 est un kit sp\u00e9cial pour les \u00e9chantillons, id\u00e9al \u00e9galement pour les petits traitements de nettoyage et le a\u00e9rogommage<\/p>\n","protected":false},"featured_media":13058,"comment_status":"open","ping_status":"closed","template":"","meta":[],"product_cat":[201,215,203],"product_tag":[],"class_list":{"0":"post-14867","1":"product","2":"type-product","3":"status-publish","4":"has-post-thumbnail","6":"product_brand-ibix-fr","7":"product_cat-equipement","8":"product_cat-ibix-trilogy-fr","9":"product_cat-systemes-de-sablage","11":"first","12":"instock","13":"taxable","14":"shipping-taxable","15":"product-type-simple"},"bundled_by":[],"bundle_stock_status":"instock","bundle_stock_quantity":null,"bundle_virtual":false,"bundle_layout":"","bundle_add_to_cart_form_location":"","bundle_editable_in_cart":false,"bundle_sold_individually_context":"","bundle_item_grouping":"","bundle_min_size":"","bundle_max_size":"","bundle_price":[],"bundled_items":[],"bundle_sell_ids":[],"_links":{"self":[{"href":"https:\/\/ibixconservation.ca\/fr\/wp-json\/wp\/v2\/product\/14867","targetHints":{"allow":["GET"]}}],"collection":[{"href":"https:\/\/ibixconservation.ca\/fr\/wp-json\/wp\/v2\/product"}],"about":[{"href":"https:\/\/ibixconservation.ca\/fr\/wp-json\/wp\/v2\/types\/product"}],"replies":[{"embeddable":true,"href":"https:\/\/ibixconservation.ca\/fr\/wp-json\/wp\/v2\/comments?post=14867"}],"wp:featuredmedia":[{"embeddable":true,"href":"https:\/\/ibixconservation.ca\/fr\/wp-json\/wp\/v2\/media\/13058"}],"wp:attachment":[{"href":"https:\/\/ibixconservation.ca\/fr\/wp-json\/wp\/v2\/media?parent=14867"}],"wp:term":[{"taxonomy":"product_cat","embeddable":true,"href":"https:\/\/ibixconservation.ca\/fr\/wp-json\/wp\/v2\/product_cat?post=14867"},{"taxonomy":"product_tag","embeddable":true,"href":"https:\/\/ibixconservation.ca\/fr\/wp-json\/wp\/v2\/product_tag?post=14867"}],"curies":[{"name":"wp","href":"https:\/\/api.w.org\/{rel}","templated":true}]}}