{"id":16102,"date":"2025-10-27T12:07:42","date_gmt":"2025-10-27T12:07:42","guid":{"rendered":"https:\/\/ibixconservation.ca\/?post_type=product&#038;p=16102"},"modified":"2025-10-27T12:19:03","modified_gmt":"2025-10-27T12:19:03","slug":"casque-de-protection-ibix","status":"publish","type":"product","link":"https:\/\/ibixconservation.ca\/fr\/produit\/casque-de-protection-ibix\/","title":{"rendered":"Casque de protection IBIX"},"content":{"rendered":"<div class=\"woocommerce-tabs wc-tabs-wrapper\">\n<div id=\"tab-description\" class=\"woocommerce-Tabs-panel woocommerce-Tabs-panel--description panel entry-content wc-tab\" role=\"tabpanel\" aria-labelledby=\"tab-title-description\">\n<p>CARACT\u00c9RISTIQUES TECHNIQUES<\/p>\n<p>Le respirateur \u00e9lectrique se compose de\u00a0:\u2013 un casque avec visi\u00e8re fixe et indicateur de d\u00e9bit int\u00e9gr\u00e9,\u2013 une unit\u00e9 de commande,\u2013 une batterie au lithium,\u2013 un chargeur de batterie,\u2013 deux filtres,\u2013 une ceinture,\u2013 un tuyau de respiration,\u2013 un c\u00e2ble \u00e9lectrique.<\/p>\n<p>CLASSIFICATION EN 12941:98+A1:03+A2:08\u00a0: TH3 P R SLCLASSIFICATION EN 12941:98+A1:03+A2:08\u00a0: TH3 P R SLCONFORMIT\u00c9 R\u00c8GLEMENT UE 2016\/425FACTEUR DE PROTECTION NOMINALE (FPN) EN529:2006: 500D\u00c9BIT MAX \u00c0 20\u00b0C-60\u00a0% HR*\u00a0: 220 l\/mnD\u00c9BIT MIN \u00c0 20\u00b0C-60\u00a0% HR\u00a0: 200 l\/mnPOIDS RESPIRATEUR COMPLET\u00a0: 2,8 kgNIVEAU DE BRUIT\u00a0: 73 dBALIMENTATION\u00a0: 7,4 VTYPE DE BATTERIE\u00a0: Li-TEMPS DE CHARGE\u00a0: 11 hAUTONOMIE\u00a0: &gt;8 hTAILLES DISPONIBLES\u00a0: R\u00e9glableINDICE IP\u00a0: 65<\/p>\n<p>Recommand\u00e9 pour la protection contre les poussi\u00e8res dans les environnements industriels. Casque avec unit\u00e9 de commande et 2 filtres \u00e0 poussi\u00e8re, une batterie au lithium rechargeable et des accessoires. Sugg\u00e9r\u00e9 pour la protection contre la poussi\u00e8re dans les environnements industriels. Casque avec unit\u00e9 de commande et 2 filtres \u00e0 poussi\u00e8re, une batterie au lithium rechargeable et des accessoires. Le respirateur du casque de protection IBIX est l\u2019un des mod\u00e8les les plus silencieux et garantit une protection compl\u00e8te en pr\u00e9sence de poussi\u00e8re et une autonomie sup\u00e9rieure \u00e0 8 heures de travail. La visi\u00e8re fixe avec une visibilit\u00e9 de 180 degr\u00e9s est con\u00e7ue pour assurer la s\u00e9curit\u00e9 compl\u00e8te des travailleurs dans les environnements industriels. Le tuyau de respiration avec raccords rapides garantit une connexion parfaite au casque et \u00e0 l\u2019unit\u00e9 de commande. De plus, le tube \u00e0 spirale enferm\u00e9 entre deux parois lisses a \u00e9t\u00e9 r\u00e9alis\u00e9 en mat\u00e9riau facilement d\u00e9contaminable.<\/p>\n<p><img fetchpriority=\"high\" decoding=\"async\" class=\"alignnone wp-image-2439 size-full\" src=\"https:\/\/i0.wp.com\/ibixfrance.fr\/wp-content\/uploads\/2025\/03\/images_casco__di__protezione__accessori__2.webp?resize=595%2C135&amp;quality=80&amp;ssl=1\" sizes=\"(max-width: 595px) 100vw, 595px\" srcset=\"https:\/\/i0.wp.com\/ibixfrance.fr\/wp-content\/uploads\/2025\/03\/images_casco__di__protezione__accessori__2.webp?w=595&amp;quality=80&amp;ssl=1 595w, https:\/\/i0.wp.com\/ibixfrance.fr\/wp-content\/uploads\/2025\/03\/images_casco__di__protezione__accessori__2.webp?resize=300%2C68&amp;quality=80&amp;ssl=1 300w\" alt=\"\" width=\"595\" height=\"135\" data-recalc-dims=\"1\" \/><\/p>\n<p>PROTECTION\u00a0: le respirateur \u00e9lectrique avec casque est le seul appareil \u00e0 ventilation assist\u00e9e capable de prot\u00e9ger la t\u00eate, le visage, les yeux, les oreilles et les voies respiratoires des poussi\u00e8res et des gaz. PROTECTION\u00a0: le respirateur \u00e9lectrique avec casque est le seul appareil \u00e0 ventilation assist\u00e9e capable de prot\u00e9ger la t\u00eate, le visage, les yeux, les oreilles et les voies respiratoires des poussi\u00e8res et des gaz. CONFORT\u00a0: m\u00eame pour l\u2019utilisateur moins exp\u00e9riment\u00e9, l\u2019appareil permet une utilisation facile et imm\u00e9diate. Sa l\u00e9g\u00e8ret\u00e9 et sa simplicit\u00e9 permettent un confort \u00e9lev\u00e9 pendant les op\u00e9rations de travail. DUR\u00c9E\u00a0: les diff\u00e9rents composants provenant d\u2019excellentes mati\u00e8res premi\u00e8res soigneusement s\u00e9lectionn\u00e9es garantissent une dur\u00e9e de vie moyenne de l\u2019appareil de plus de dix ans.<\/p>\n<\/div>\n<\/div>\n<section class=\"related products\"><\/section>\n","protected":false},"excerpt":{"rendered":"<div class=\"woocommerce-product-details__short-description\">\n<p class=\"p1\">Recommand\u00e9 pour la protection contre les poussi\u00e8res dans les environnements industriels. Casque avec unit\u00e9 de commande et 2 filtres \u00e0 poussi\u00e8re, une batterie au lithium rechargeable et des accessoires. \u00c9quip\u00e9 de filtres\u00a0<b>P3.<\/b><\/p>\n<p class=\"p1\"><span class=\"s1\">Le respirateur du casque de protection\u00a0<b>IBIX<\/b>\u00a0est l\u2019un des mod\u00e8les les plus silencieux et garantit une protection compl\u00e8te en pr\u00e9sence de poussi\u00e8re et une autonomie sup\u00e9rieure \u00e0 8 heures de travail.<\/span><\/p>\n<p>Le respirateur fonctionne par une l\u00e9g\u00e8re surpression cr\u00e9\u00e9e par un flux d\u2019air filtr\u00e9. L\u2019air est aspir\u00e9 et purifi\u00e9 \u00e0 travers les filtres au moyen d\u2019une unit\u00e9 de commande et est envoy\u00e9 via le tube \u00e0 l\u2019int\u00e9rieur du casque. Le flux d\u2019air continu \u00e9vite la formation de bu\u00e9e sur la visi\u00e8re et \u00e9limine tout effort respiratoire en offrant protection et confort \u00e0 l\u2019op\u00e9rateur. L\u2019unit\u00e9 de commande des filtres et la batterie sont port\u00e9s \u00e0 la ceinture<\/p>\n<\/div>\n<div class=\"product_meta\"><\/div>\n","protected":false},"featured_media":16105,"comment_status":"open","ping_status":"closed","template":"","meta":[],"product_cat":[209,201],"product_tag":[],"class_list":{"0":"post-16102","1":"product","2":"type-product","3":"status-publish","4":"has-post-thumbnail","6":"product_brand-ibix-fr","7":"product_brand-ibix-special-cleaning-fr","8":"product_cat-accessoires","9":"product_cat-equipement","11":"first","12":"instock","13":"featured","14":"taxable","15":"shipping-taxable","16":"purchasable","17":"product-type-simple"},"bundled_by":[],"bundle_stock_status":"instock","bundle_stock_quantity":null,"bundle_virtual":false,"bundle_layout":"","bundle_add_to_cart_form_location":"","bundle_editable_in_cart":false,"bundle_sold_individually_context":"","bundle_item_grouping":"","bundle_min_size":"","bundle_max_size":"","bundle_price":[],"bundled_items":[],"bundle_sell_ids":[],"_links":{"self":[{"href":"https:\/\/ibixconservation.ca\/fr\/wp-json\/wp\/v2\/product\/16102","targetHints":{"allow":["GET"]}}],"collection":[{"href":"https:\/\/ibixconservation.ca\/fr\/wp-json\/wp\/v2\/product"}],"about":[{"href":"https:\/\/ibixconservation.ca\/fr\/wp-json\/wp\/v2\/types\/product"}],"replies":[{"embeddable":true,"href":"https:\/\/ibixconservation.ca\/fr\/wp-json\/wp\/v2\/comments?post=16102"}],"wp:featuredmedia":[{"embeddable":true,"href":"https:\/\/ibixconservation.ca\/fr\/wp-json\/wp\/v2\/media\/16105"}],"wp:attachment":[{"href":"https:\/\/ibixconservation.ca\/fr\/wp-json\/wp\/v2\/media?parent=16102"}],"wp:term":[{"taxonomy":"product_cat","embeddable":true,"href":"https:\/\/ibixconservation.ca\/fr\/wp-json\/wp\/v2\/product_cat?post=16102"},{"taxonomy":"product_tag","embeddable":true,"href":"https:\/\/ibixconservation.ca\/fr\/wp-json\/wp\/v2\/product_tag?post=16102"}],"curies":[{"name":"wp","href":"https:\/\/api.w.org\/{rel}","templated":true}]}}